{"id":1647,"date":"2018-12-30T14:01:05","date_gmt":"2018-12-30T13:01:05","guid":{"rendered":"https:\/\/www.graz-physiotherapie.at\/graz-osteopathie\/?page_id=1647"},"modified":"2022-12-30T20:34:26","modified_gmt":"2022-12-30T19:34:26","slug":"impressum","status":"publish","type":"page","link":"https:\/\/www.graz-physiotherapie.at\/graz-osteopathie\/impressum\/","title":{"rendered":"Impressum"},"content":{"rendered":"<p>[vc_row margin_top=&#8220;5%&#8220;][vc_column width=&#8220;1\/4&#8243;][vc_column_text]<\/p>\n<h2>Imprint<\/h2>\n<p>[\/vc_column_text][\/vc_column][vc_column width=&#8220;3\/4&#8243;][vc_empty_space height=&#8220;20px&#8220; height_mobile=&#8220;0&#8243;][vc_column_text]<strong>VERANTWORTLICH F\u00dcR DEN INHALT:<br \/>\n<\/strong><\/p>\n<p id=\"u2206-2\"><strong>Elisabeth H\u00f6dl-Majcenovic<\/strong><br \/>\nKauperzgasse 7, 8055 Graz<br \/>\nTel.: <a class=\"nonblock\" href=\"tel:+436505138300\">+43 (0) 650 5 13 83 00<br \/>\n<\/a>E-Mail: <a class=\"nonblock\" href=\"mailto:elisabeth@graz-physiotherapie.at\">elisabeth@graz-physiotherapie.at<\/a><\/p>\n<p id=\"u2206-17\"><strong>Annegret Perstling<\/strong><br \/>\nKaiserfeldgasse 22, 8010 Graz<br \/>\nTel.: <a class=\"nonblock\" href=\"tel:+436649605232\">+43 (0) 664 960 52 32<br \/>\n<\/a>E-Mail: <a href=\"mailto:annegret@graz-physiotherapie.at\">annegret@graz-physiotherapie.at<\/a><\/p>\n<p id=\"u2206-48\">Alle Informationen und Erkl\u00e4rungen dieser Internetseiten sind unverbindlich. Frau H\u00f6dl-Majcenovic \u00fcbernimmt f\u00fcr die Richtigkeit und Vollst\u00e4ndigkeit der Inhalte keine Gew\u00e4hr.\u00a0Fehler im Inhalt werden bei Kenntnis dar\u00fcber unverz\u00fcglich korrigiert. Die Inhalte der Internetseiten k\u00f6nnen durch zeitverz\u00f6gerte Aktualisierungen nicht permanent aktuell sein.\u00a0Alle Rechte der Fotos, Texte und Grafiken liegen bei Fr. Elisabeth H\u00f6dl-Majcenovic. Jede Form der weiteren Nutzung muss ausdr\u00fccklich von ihr genehmigt werden. Sollten Sie diese Daten ohne eine Genehmigung verwenden, werden rechtliche Schritte gegen Sie eingeleitet.<\/p>\n<p><strong>1. Haftungsausschluss<br \/>\n<\/strong>Die hier angebotenen Inhalte dienen der allgemeinen Information. F\u00fcr die Richtigkeit, Aktualit\u00e4t, Vollst\u00e4ndigkeit und Verf\u00fcgbarkeit der gebotenen Informationen\/Services \u00fcbernehmen wir keine Gew\u00e4hrleistung\/Haftung. Sie k\u00f6nnen keine umfassende rechtliche Beratung ersetzen. Wenn Sie eine besondere Beratung ben\u00f6tigen, wenden Sie sich bitte an eine Expertin bzw. einen Experten. Verweise zu anderen Internetangeboten, wurden sorgf\u00e4ltig ausgew\u00e4hlt. Deren Inhalt, Richtigkeit, Aktualit\u00e4t, Vollst\u00e4ndigkeit und Verf\u00fcgbarkeit liegt aber nicht in unserem Einflussbereich. Wir \u00fcbernehmen keine Gew\u00e4hrleistung\/Haftung f\u00fcr downloadbare Formulare, insbesondere nicht f\u00fcr deren Aktualit\u00e4t, Eignung f\u00fcr einen bestimmten Zweck und Virenfreiheit. Wir behalten uns das Recht vor, jederzeit und ohne Vorank\u00fcndigung hier angebotene Informationen\/Services zu \u00e4ndern, erg\u00e4nzen, l\u00f6schen oder den Internetauftritt g\u00e4nzlich oder vor\u00fcbergehend einzustellen. Wir bem\u00fchen uns, Probleme beim Abruf der Informationen\/Services aufgrund von St\u00f6rungen oder Inkompatibilit\u00e4ten so gering wie m\u00f6glich zu halten. Es ist allerdings nicht ausgeschlossen, dass Daten und Angaben auf unserer Website nicht oder fehlerhaft angezeigt werden. Wir \u00fcbernehmen keine Haftung, dass unser Dienst nicht unterbrochen oder anderweitig durch St\u00f6rungen beeintr\u00e4chtigt wird.<\/p>\n<p><strong>2. Geistiges Eigentum<br \/>\n<\/strong>S\u00e4mtliche Inhalte, das Layout sowie allf\u00e4llige Ton- und Videosequenzen sind urheberrechtlich gesch\u00fctzt. Alle Rechte daran bleiben der Rechteinhaberin bzw. dem Rechteinhaber vorbehalten. \u00c4nderungen d\u00fcrfen nicht vorgenommen werden. Eine \u00f6ffentliche Verwendung der Informationen\/Services darf nur mit unserer Zustimmung und unter Nennung sowie Ersichtlichmachung der Quelle erfolgen. Das blo\u00dfe Verlinken auf unsere Inhalte unter gleichzeitigem Quellhinweis steht jedermann frei und bedarf keiner besonderen Genehmigung.<\/p>\n<p><strong>3. Schlussbestimmungen<br \/>\n<\/strong>Auf die Nutzung der Informationen\/Services findet ausschlie\u00dflich \u00f6sterreichisches Recht Anwendung. Sofern Teile oder einzelne Formulierungen dieses Textes der geltenden Rechtslage nicht, nicht mehr oder nicht vollst\u00e4ndig entsprechen sollten, bleiben die \u00fcbrigen Teile in ihrem Inhalt und ihrer G\u00fcltigkeit davon unber\u00fchrt. Anstelle einer unwirksamen Bestimmung oder zum Auff\u00fcllen einer L\u00fccke kommt eine angemessene, rechtliche zul\u00e4ssige Regelung zur Anwendung, die dem am n\u00e4chsten kommt, was nach Sinn und Zweck dieser Nutzungsbedingungen bei Kenntnis der Teilnichtigkeit oder L\u00fccke gewollt gewesen w\u00e4re.<\/p>\n<p><strong>4. Google Analytics<br \/>\n<\/strong>Diese Website benutzt Google Analytics, einen Webanalysedienst der Google Inc. (\u201eGoogle\u201c) Google Analytics verwendet sog. \u201eCookies\u201c, Textdateien, die auf Ihrem Computer gespeichert werden und die eine Analyse der Benutzung der Website durch Sie erm\u00f6glicht. Die durch den Cookie erzeugten Informationen \u00fcber Ihre Benutzung dieser Website (einschlie\u00dflich Ihrer IP-Adresse) wird an einen Server von Google in den USA \u00fcbertragen und dort gespeichert. Google wird diese Informationen benutzen, um Ihre Nutzung der Website auszuwerten, um Reports \u00fcber die Websiteaktivit\u00e4ten f\u00fcr die Websitebetreiber zusammenzustellen und um weitere mit der Websitenutzung und der Internetnutzung verbundene Dienstleistungen zu erbringen. Auch wird Google diese Informationen gegebenenfalls an Dritte \u00fcbertragen, sofern dies gesetzlich vorgeschrieben oder soweit Dritte diese Daten im Auftrag von Google verarbeiten. Google wird in keinem Fall Ihre IP-Adresse mit anderen Daten der Google in Verbindung bringen. Sie k\u00f6nnen die Installation der Cookies durch eine entsprechende Einstellung Ihrer Browser Software verhindern; wir weisen Sie jedoch darauf hin, dass Sie in diesem Fall gegebenenfalls nicht s\u00e4mtliche Funktionen dieser Website voll umf\u00e4nglich nutzen k\u00f6nnen. Durch die Nutzung dieser Website erkl\u00e4ren Sie sich mit der Bearbeitung der \u00fcber Sie erhobenen Daten durch Google in der zuvor beschriebenen Art und Weise und zu dem zuvor benannten Zweck einverstanden.<\/p>\n<p id=\"u2206-75\"><strong>5. Urheberrechte:<br \/>\n<\/strong>Alle Rechte der Fotos, Texte und Grafiken liegen bei Fr. Elisabeth H\u00f6dl-Majcenovic, sofern nichts anderes vermerkt ist. Jede Form der weiteren Nutzung muss ausdr\u00fccklich von Frau Majcenovic genehmigt werden. Sollten Sie diese Daten ohne eine Genehmigung verwenden, werden rechtliche Schritte gegen Sie eingeleitet.<\/p>\n<p id=\"u2206-80\"><strong>6. Links:<br \/>\n<\/strong>Trotz sorgf\u00e4ltiger inhaltlicher Kontrolle \u00fcbernimmt Fr. Majcenovic keine Haftung f\u00fcr die Inhalte externer Links.\u00a0F\u00fcr den Inhalt der verlinkten Seiten sind ausschlie\u00dflich deren Betreiber verantwortlich.<\/p>\n<p>[\/vc_column_text][\/vc_column][\/vc_row][vc_row padding_top=&#8220;3%&#8220; padding_bottom=&#8220;2%&#8220;][vc_column width=&#8220;1\/2&#8243; css=&#8220;.vc_custom_1480658745764{padding-top: 20px !important;padding-bottom: 20px !important;}&#8220;][vc_column_text padding_bottom=&#8220;3%&#8220; animation=&#8220;1&#8243; animation_style=&#8220;slideInUp&#8220; animation_duration=&#8220;0.8&#8243; animation_delay=&#8220;0.4&#8243;]<\/p>\n<div id=\"u4995-29\" class=\"clearfix grpelem\" style=\"text-align: center;\"><span style=\"color: #000000; font-size: 12pt;\"><strong>Praxis Graz S\u00fcd<br \/>\nElisabeth H\u00f6dl-Majcenovic MSc., D.O.<\/strong><\/span><br \/>\n<span style=\"color: #000000; font-size: 12pt;\">Dipl.PT, Osteopathin, Kinderosteopathin<br \/>\nKauperzgasse 7, 8055 Graz<\/span><br \/>\n<span style=\"color: #000000; font-size: 12pt;\">Tel.: <a class=\"nonblock\" href=\"tel:+436505138300\">+43 (0) 650 5 13 83 00<br \/>\n<\/a>E-Mail: <a class=\"nonblock\" href=\"mailto:elisabeth@graz-physiotherapie.at\">elisabeth@graz-physiotherapie.at<br \/>\n<\/a>Termine nach Vereinbarung<\/span><\/div>\n<p>[\/vc_column_text][\/vc_column][vc_column width=&#8220;1\/2&#8243;][vc_column_text padding_bottom=&#8220;3%&#8220; animation=&#8220;1&#8243; animation_style=&#8220;slideInUp&#8220; animation_duration=&#8220;0.8&#8243; animation_delay=&#8220;0.4&#8243;]<\/p>\n<p style=\"text-align: center;\"><span style=\"color: #000000; font-size: 12pt;\"><b>Praxis Graz<br \/>\n<\/b><strong>Annegret Perstling MSc., D.O.<\/strong><br \/>\nDipl. PT, CRAFTA Therapeutin<br \/>\nFranckstra\u00dfe 40\/4, 8010 Graz<\/span><br \/>\n<span style=\"color: #000000; font-size: 12pt;\">Tel.: <a class=\"nonblock\" href=\"tel:+436649605232\">+43 664 960 52 32<br \/>\n<\/a>E-Mail: <a href=\"mailto:annegret.perstling@gmail.com\">annegret.perstling@gmail.com<\/a><a class=\"nonblock\" href=\"mailto:annegret.perstling@gmail.com\"><br \/>\n<\/a>Termine nach Vereinbarung<\/span><\/p>\n<p>[\/vc_column_text][\/vc_column][\/vc_row]<\/p>\n","protected":false},"excerpt":{"rendered":"<p>[vc_row margin_top=&#8220;5%&#8220;][vc_column width=&#8220;1\/4&#8243;][vc_column_text] Imprint [\/vc_column_text][\/vc_column][vc_column width=&#8220;3\/4&#8243;][vc_empty_space height=&#8220;20px&#8220; height_mobile=&#8220;0&#8243;][vc_column_text]VERANTWORTLICH F\u00dcR DEN INHALT: Elisabeth H\u00f6dl-Majcenovic Kauperzgasse 7, 8055 Graz Tel.: +43 (0) 650 5 13 83 00 E-Mail: elisabeth@graz-physiotherapie.at Annegret Perstling Kaiserfeldgasse 22, 8010 Graz Tel.: +43 (0) 664 960 52 32 E-Mail: annegret@graz-physiotherapie.at Alle Informationen und Erkl\u00e4rungen dieser Internetseiten sind unverbindlich. Frau H\u00f6dl-Majcenovic \u00fcbernimmt f\u00fcr die [&hellip;]<\/p>\n","protected":false},"author":1,"featured_media":0,"parent":0,"menu_order":0,"comment_status":"closed","ping_status":"closed","template":"","meta":{"inline_featured_image":false},"_links":{"self":[{"href":"https:\/\/www.graz-physiotherapie.at\/graz-osteopathie\/wp-json\/wp\/v2\/pages\/1647"}],"collection":[{"href":"https:\/\/www.graz-physiotherapie.at\/graz-osteopathie\/wp-json\/wp\/v2\/pages"}],"about":[{"href":"https:\/\/www.graz-physiotherapie.at\/graz-osteopathie\/wp-json\/wp\/v2\/types\/page"}],"author":[{"embeddable":true,"href":"https:\/\/www.graz-physiotherapie.at\/graz-osteopathie\/wp-json\/wp\/v2\/users\/1"}],"replies":[{"embeddable":true,"href":"https:\/\/www.graz-physiotherapie.at\/graz-osteopathie\/wp-json\/wp\/v2\/comments?post=1647"}],"version-history":[{"count":9,"href":"https:\/\/www.graz-physiotherapie.at\/graz-osteopathie\/wp-json\/wp\/v2\/pages\/1647\/revisions"}],"predecessor-version":[{"id":2117,"href":"https:\/\/www.graz-physiotherapie.at\/graz-osteopathie\/wp-json\/wp\/v2\/pages\/1647\/revisions\/2117"}],"wp:attachment":[{"href":"https:\/\/www.graz-physiotherapie.at\/graz-osteopathie\/wp-json\/wp\/v2\/media?parent=1647"}],"curies":[{"name":"wp","href":"https:\/\/api.w.org\/{rel}","templated":true}]}}