{"id":3,"date":"2018-12-30T19:20:05","date_gmt":"2018-12-30T18:20:05","guid":{"rendered":"https:\/\/www.graz-physiotherapie.at\/graz-osteopathie\/?page_id=3"},"modified":"2022-12-30T20:35:05","modified_gmt":"2022-12-30T19:35:05","slug":"datenschutz","status":"publish","type":"page","link":"https:\/\/www.graz-physiotherapie.at\/graz-osteopathie\/datenschutz\/","title":{"rendered":"Datenschutz"},"content":{"rendered":"<p>[vc_row disable_element=&#8220;yes&#8220; margin_top=&#8220;5%&#8220;][vc_column width=&#8220;1\/4&#8243;][vc_column_text]<\/p>\n<h2>Daten-<br \/>\nschutz<\/h2>\n<p>[\/vc_column_text][\/vc_column][vc_column width=&#8220;3\/4&#8243;][vc_empty_space height=&#8220;20px&#8220; height_mobile=&#8220;0&#8243;][vc_column_text]<\/p>\n<div class=\"flex_column av_three_fifth flex_column_div av-zero-column-padding avia-builder-el-1 el_after_av_one_fifth el_before_av_one_fifth \">\n<section class=\"av_textblock_section\">\n<div class=\"avia_textblock \">\n<p>Der Schutz Ihrer pers\u00f6nlichen Daten ist uns ein besonderes Anliegen. Wir verarbeiten Ihre Daten daher ausschlie\u00dflich auf Grundlage der gesetzlichen Bestimmungen (DSGVO, TKG 2003). In diesen Datenschutzinformationen informieren wir Sie \u00fcber die wichtigsten Aspekte der Datenverarbeitung im Rahmen unserer Website.<\/p>\n<p><strong>Kontakt mit uns<\/strong><\/p>\n<p>Wenn Sie per Formular auf der Website oder per E-Mail Kontakt mit uns aufnehmen, werden Ihre angegebenen Daten zwecks Bearbeitung der Anfrage und f\u00fcr den Fall von Anschlussfragen sechs Monate bei uns gespeichert. Diese Daten geben wir nicht ohne Ihre Einwilligung weiter.<\/p>\n<p><strong>Cookies<\/strong><\/p>\n<p>Unsere Website verwendet so genannte Cookies. Dabei handelt es sich um kleine Textdateien, die mit Hilfe des Browsers auf Ihrem Endger\u00e4t abgelegt werden. Sie richten keinen Schaden an.<br \/>\nWir nutzen Cookies dazu, unser Angebot nutzerfreundlich zu gestalten. Einige Cookies bleiben auf Ihrem Endger\u00e4t gespeichert, bis Sie diese l\u00f6schen. Sie erm\u00f6glichen es uns, Ihren Browser beim n\u00e4chsten Besuch wiederzuerkennen. Wenn Sie dies nicht w\u00fcnschen, so k\u00f6nnen Sie Ihren Browser so einrichten, dass er Sie \u00fcber das Setzen von Cookies informiert und Sie dies nur im Einzelfall erlauben. Bei der Deaktivierung von Cookies kann die Funktionalit\u00e4t unserer Website eingeschr\u00e4nkt sein.<\/p>\n<p><strong>Google Analytics<\/strong><\/p>\n<p>Unsere Website benutzt Google Analytics, einen Webanalysedienst der Google Inc. (\u201eGoogle\u201c) Google Analytics verwendet sog. \u201eCookies\u201c, Textdateien, die auf Ihrem Computer gespeichert werden und die eine Analyse der Benutzung der Website durch Sie erm\u00f6glicht.<\/p>\n<p>Die durch den Cookie erzeugten Informationen \u00fcber Ihre Benutzung dieser Website (einschlie\u00dflich Ihrer IP-Adresse) wird an einen Server von Google in den USA \u00fcbertragen und dort gespeichert. Google wird diese Informationen benutzen, um Ihre Nutzung der Website auszuwerten, um Reports \u00fcber die Websiteaktivit\u00e4ten f\u00fcr die Websitebetreiber zusammenzustellen und um weitere mit der Websitenutzung und der Internetnutzung verbundene Dienstleistungen zu erbringen. Auch wird Google diese Informationen gegebenenfalls an Dritte \u00fcbertragen, sofern dies gesetzlich vorgeschrieben oder soweit Dritte diese Daten im Auftrag von Google verarbeiten. Google wird in keinem Fall Ihre IP-Adresse mit anderen Daten der Google in Verbindung bringen. Ihre IP-Adresse wird erfasst, aber umgehend pseudonymisiert. Dadurch ist nur mehr eine grobe Lokalisierung m\u00f6glich.<\/p>\n<p>Sie k\u00f6nnen die Installation der Cookies durch eine entsprechende Einstellung Ihrer Browser Software verhindern; wir weisen Sie jedoch darauf hin, dass Sie in diesem Fall gegebenenfalls nicht s\u00e4mtliche Funktionen dieser Website voll umf\u00e4nglich nutzen k\u00f6nnen.<\/p>\n<p>Wir haben mit dem Anbieter einen entsprechenden Vertrag zur Auftragsdatenverarbeitung abgeschlossen.<\/p>\n<p>Die Datenverarbeitung erfolgt auf Basis der gesetzlichen Bestimmungen des \u00a7 96 Abs 3 TKG sowie des Art 6 Abs 1 lit a (Einwilligung) und\/oder f (berechtigtes Interesse) der DSGVO.<\/p>\n<p>Unser Anliegen im Sinne der DSGVO (berechtigtes Interesse) ist die Verbesserung unseres Angebotes und unseres Webauftritts. Da uns die Privatsph\u00e4re unserer Nutzer wichtig ist, werden die Nutzerdaten pseudonymisiert<\/p>\n<p>Die Nutzerdaten werden f\u00fcr die Dauer von 50 Monaten aufbewahrt.<em>\u00a0<\/em><\/p>\n<p><strong>FACEBOOK-PLUGINS (Like-Button)<\/strong><\/p>\n<p>Auf unserer Seite sind PlugIns des sozialen Netzwerks Facebook, 1601 South California Avenue, Palo Alto, CA 94304, USA integriert. Die Facebook-PlugIns erkennen Sie an dem Facebook-Logo oder dem \u201eLike-Button\u201d (\u201cGef\u00e4llt mir\u201d) auf unserer Seite. Eine \u00dcbersicht \u00fcber die Facebook-PlugIns finden Sie hier:\u00a0<a href=\"http:\/\/developers.facebook.com\/docs\/plugins\/\">http:\/\/developers.facebook.com\/docs\/plugins\/.<\/a>Wenn Sie unsere Seiten besuchen, wird \u00fcber das PlugIn eine direkte Verbindung zwischen Ihrem Browser und dem Facebook-Server hergestellt. Facebook erh\u00e4lt dadurch die Information, dass Sie mit Ihrer IP-Adresse unsere Seite besucht haben. Wenn Sie den Facebook \u201eLike-Button\u201d anklicken, w\u00e4hrend Sie in Ihrem Facebook-Account eingeloggt sind, k\u00f6nnen Sie die Inhalte unserer Seiten auf Ihrem Facebook-Profil verlinken. Dadurch kann Facebook den Besuch unserer Seiten Ihrem Benutzerkonto zuordnen. Wir weisen Sie darauf hin, dass wir als Anbieter der Seiten keine Kenntnis vom Inhalt der \u00fcbermittelten Daten sowie deren Nutzung durch Facebook erhalten. Weitere Informationen hierzu finden Sie in der Datenschutzerkl\u00e4rung von Facebook unter\u00a0<a href=\"https:\/\/www.facebook.com\/about\/privacy\/\">https:\/\/www.facebook.com\/about\/privacy\/<\/a>. Wenn Sie nicht w\u00fcnschen, dass Facebook den Besuch unserer Seiten Ihrem Facebook-Nutzerkonto zuordnen kann, loggen Sie sich bitte aus Ihrem Facebook-Benutzerkonto aus.<\/p>\n<p><strong>TWITTER<\/strong><\/p>\n<p>Auf unserer Seite sind Funktionen des Dienstes Twitter eingebunden. Diese Funktionen werden angeboten durch die Twitter Inc., 795 Folsom St., Suite 600, San Francisco, CA 94107, USA. Durch das Benutzen von Twitter und der Funktion \u201cRe-Tweet\u201d werden die von Ihnen besuchten Webseiten mit Ihrem Twitter-Account verkn\u00fcpft und anderen Nutzern bekannt gegeben. Dabei werden auch Daten an Twitter \u00fcbertragen. Wir weisen darauf hin, dass wir als Anbieter der Seiten keine Kenntnis vom Inhalt der \u00fcbermittelten Daten sowie deren Nutzung durch Twitter erhalten. Weitere Informationen hierzu finden Sie in der Datenschutzerkl\u00e4rung von Twitter unter http:\/\/twitter.com\/privacy. Ihre Datenschutzeinstellungen bei Twitter k\u00f6nnen Sie in den Konto-Einstellungen unter http:\/\/twitter.com\/account\/settings \u00e4ndern.<\/p>\n<p><strong>Google Maps<\/strong><\/p>\n<p>Diese Webseite verwendet Google Maps f\u00fcr die Darstellung von Karteninformationen. Bei der Nutzung von Google Maps werden von Google auch Daten \u00fcber die Nutzung der Maps-Funktionen durch Besucher der Webseiten erhoben, verarbeitet und genutzt. N\u00e4here Informationen \u00fcber die Datenverarbeitung durch Google k\u00f6nnen Sie den Datenschutzhinweisen von Google auf\u00a0<a href=\"https:\/\/www.google.at\/intl\/de\/policies\/privacy\/\">https:\/\/www.google.at\/intl\/de\/policies\/privacy\/<\/a>entnehmen. Dort k\u00f6nnen Sie im Datenschutzcenter auch Ihre Einstellungen ver\u00e4ndern, so dass Sie Ihre Daten verwalten und sch\u00fctzen k\u00f6nnen.<\/p>\n<p><strong>Ihre Rechte<\/strong><\/p>\n<p>Ihnen stehen grunds\u00e4tzlich die Rechte auf Auskunft, Berichtigung, L\u00f6schung, Einschr\u00e4nkung, Daten\u00fcbertragbarkeit, Widerruf und Widerspruch zu. Wenn Sie glauben, dass die Verarbeitung Ihrer Daten gegen das Datenschutzrecht verst\u00f6\u00dft oder Ihre datenschutzrechtlichen Anspr\u00fcche sonst in einer Weise verletzt worden sind, k\u00f6nnen Sie sich bei der Aufsichtsbeh\u00f6rde beschweren. In \u00d6sterreich ist dies die Datenschutzbeh\u00f6rde.<\/p>\n<p><strong>Sie erreichen uns unter folgenden Kontaktdaten:<\/strong><\/p>\n<p id=\"u2206-2\"><strong>Elisabeth H\u00f6dl-Majcenovic<\/strong><br \/>\nDipl. Physiotherapeutin, Osteopathin<br \/>\nKauperzgasse 7, 8055 Graz<br \/>\nTel.: <a class=\"nonblock\" href=\"tel:+436505138300\">+43 (0) 650 5 13 83 00<br \/>\n<\/a>E-Mail: <a class=\"nonblock\" href=\"mailto:elisabeth@graz-physiotherapie.at\">elisabeth@graz-physiotherapie.at<\/a><\/p>\n<p id=\"u2206-17\"><strong>Annegret Perstling<\/strong><br \/>\nMSc. DO, Dipl. PT<br \/>\nKaiserfeldgasse 22, 8010 Graz<br \/>\nTel.: <a class=\"nonblock\" href=\"tel:+436649605232\">+43 (0) 664 960 52 32<br \/>\n<\/a>E-Mail: <a href=\"mailto:annegret@graz-physiotherapie.at\">annegret@graz-physiotherapie.at<\/a><\/p>\n<\/div>\n<\/section>\n<\/div>\n<p>[\/vc_column_text][\/vc_column][\/vc_row][vc_row margin_top=&#8220;5%&#8220;][vc_column width=&#8220;1\/4&#8243;][vc_column_text]<\/p>\n<h2>Daten-<br \/>\nschutz<\/h2>\n<p>[\/vc_column_text][\/vc_column][vc_column width=&#8220;3\/4&#8243;][vc_empty_space height=&#8220;20px&#8220; height_mobile=&#8220;0&#8243;][vc_column_text]<\/p>\n<div class=\"flex_column av_three_fifth flex_column_div av-zero-column-padding avia-builder-el-1 el_after_av_one_fifth el_before_av_one_fifth \">\n<section class=\"av_textblock_section\">\n<div class=\"avia_textblock \">\n<p><strong>Sie erreichen uns unter folgenden Kontaktdaten:<\/strong><\/p>\n<p id=\"u2206-2\"><strong>Elisabeth H\u00f6dl-Majcenovic<\/strong><br \/>\nKauperzgasse 7, 8055 Graz<br \/>\nTel.: <a class=\"nonblock\" href=\"tel:+436505138300\">+43 (0) 650 5 13 83 00<br \/>\n<\/a>E-Mail: <a class=\"nonblock\" href=\"mailto:elisabeth@graz-physiotherapie.at\">elisabeth@graz-physiotherapie.at<\/a><\/p>\n<p id=\"u2206-17\"><strong>Annegret Perstling<\/strong><br \/>\nKaiserfeldgasse 22, 8010 Graz<br \/>\nTel.: <a class=\"nonblock\" href=\"tel:+436649605232\">+43 (0) 664 960 52 32<br \/>\n<\/a>E-Mail: <a href=\"mailto:annegret@graz-physiotherapie.at\">annegret@graz-physiotherapie.at<\/a><\/p>\n<\/div>\n<\/section>\n<\/div>\n<p>[\/vc_column_text][\/vc_column][\/vc_row][vc_row margin_top=&#8220;5%&#8220;][vc_column][vc_wp_text]<script id=\"CookieDeclaration\" src=\"https:\/\/consent.cookiebot.com\/c57c79ac-5c7e-4dc5-8cb7-c628b868c8fe\/cd.js\" type=\"text\/javascript\" async><\/script>[\/vc_wp_text][\/vc_column][\/vc_row][vc_row padding_top=&#8220;3%&#8220; padding_bottom=&#8220;2%&#8220;][vc_column width=&#8220;1\/2&#8243; css=&#8220;.vc_custom_1480658745764{padding-top: 20px !important;padding-bottom: 20px !important;}&#8220;][vc_column_text padding_bottom=&#8220;3%&#8220; animation=&#8220;1&#8243; animation_style=&#8220;slideInUp&#8220; animation_duration=&#8220;0.8&#8243; animation_delay=&#8220;0.4&#8243;]<\/p>\n<div id=\"u4995-29\" class=\"clearfix grpelem\" style=\"text-align: center;\"><span style=\"color: #000000; font-size: 12pt;\"><strong>Praxis Graz S\u00fcd<br \/>\nElisabeth H\u00f6dl-Majcenovic MSc., D.O.<\/strong><\/span><br \/>\n<span style=\"color: #000000; font-size: 12pt;\">Dipl.PT, Osteopathin, Kinderosteopathin<br \/>\nKauperzgasse 7, 8055 Graz<\/span><br \/>\n<span style=\"color: #000000; font-size: 12pt;\">Tel.: <a class=\"nonblock\" href=\"tel:+436505138300\">+43 (0) 650 5 13 83 00<br \/>\n<\/a>E-Mail: <a class=\"nonblock\" href=\"mailto:elisabeth@graz-physiotherapie.at\">elisabeth@graz-physiotherapie.at<br \/>\n<\/a>Termine nach Vereinbarung<\/span><\/div>\n<p>[\/vc_column_text][\/vc_column][vc_column width=&#8220;1\/2&#8243;][vc_column_text padding_bottom=&#8220;3%&#8220; animation=&#8220;1&#8243; animation_style=&#8220;slideInUp&#8220; animation_duration=&#8220;0.8&#8243; animation_delay=&#8220;0.4&#8243;]<\/p>\n<p style=\"text-align: center;\"><span style=\"color: #000000; font-size: 12pt;\"><b>Praxis Graz<br \/>\n<\/b><strong>Annegret Perstling MSc., D.O.<\/strong><br \/>\nDipl. PT, CRAFTA Therapeutin<br \/>\nFranckstra\u00dfe 40\/4, 8010 Graz<\/span><br \/>\n<span style=\"color: #000000; font-size: 12pt;\">Tel.: <a class=\"nonblock\" href=\"tel:+436649605232\">+43 664 960 52 32<br \/>\n<\/a>E-Mail: <a href=\"mailto:annegret.perstling@gmail.com\">annegret.perstling@gmail.com<\/a><a class=\"nonblock\" href=\"mailto:annegret.perstling@gmail.com\"><br \/>\n<\/a>Termine nach Vereinbarung<\/span><\/p>\n<p>[\/vc_column_text][\/vc_column][\/vc_row]<\/p>\n","protected":false},"excerpt":{"rendered":"<p>[vc_row disable_element=&#8220;yes&#8220; margin_top=&#8220;5%&#8220;][vc_column width=&#8220;1\/4&#8243;][vc_column_text] Daten- schutz [\/vc_column_text][\/vc_column][vc_column width=&#8220;3\/4&#8243;][vc_empty_space height=&#8220;20px&#8220; height_mobile=&#8220;0&#8243;][vc_column_text] Der Schutz Ihrer pers\u00f6nlichen Daten ist uns ein besonderes Anliegen. Wir verarbeiten Ihre Daten daher ausschlie\u00dflich auf Grundlage der gesetzlichen Bestimmungen (DSGVO, TKG 2003). In diesen Datenschutzinformationen informieren wir Sie \u00fcber die wichtigsten Aspekte der Datenverarbeitung im Rahmen unserer Website. Kontakt mit uns Wenn Sie [&hellip;]<\/p>\n","protected":false},"author":1,"featured_media":0,"parent":0,"menu_order":0,"comment_status":"closed","ping_status":"closed","template":"","meta":{"inline_featured_image":false},"_links":{"self":[{"href":"https:\/\/www.graz-physiotherapie.at\/graz-osteopathie\/wp-json\/wp\/v2\/pages\/3"}],"collection":[{"href":"https:\/\/www.graz-physiotherapie.at\/graz-osteopathie\/wp-json\/wp\/v2\/pages"}],"about":[{"href":"https:\/\/www.graz-physiotherapie.at\/graz-osteopathie\/wp-json\/wp\/v2\/types\/page"}],"author":[{"embeddable":true,"href":"https:\/\/www.graz-physiotherapie.at\/graz-osteopathie\/wp-json\/wp\/v2\/users\/1"}],"replies":[{"embeddable":true,"href":"https:\/\/www.graz-physiotherapie.at\/graz-osteopathie\/wp-json\/wp\/v2\/comments?post=3"}],"version-history":[{"count":10,"href":"https:\/\/www.graz-physiotherapie.at\/graz-osteopathie\/wp-json\/wp\/v2\/pages\/3\/revisions"}],"predecessor-version":[{"id":2118,"href":"https:\/\/www.graz-physiotherapie.at\/graz-osteopathie\/wp-json\/wp\/v2\/pages\/3\/revisions\/2118"}],"wp:attachment":[{"href":"https:\/\/www.graz-physiotherapie.at\/graz-osteopathie\/wp-json\/wp\/v2\/media?parent=3"}],"curies":[{"name":"wp","href":"https:\/\/api.w.org\/{rel}","templated":true}]}}